{"id":329,"date":"2021-05-14T18:15:16","date_gmt":"2021-05-14T18:15:16","guid":{"rendered":"https:\/\/previsaopesquisas.com.br\/?page_id=329"},"modified":"2025-10-29T20:35:07","modified_gmt":"2025-10-29T20:35:07","slug":"quantitativos","status":"publish","type":"page","link":"https:\/\/previsaopesquisas.com.br\/en\/quantitativos\/","title":{"rendered":"quantitatives"},"content":{"rendered":"<h2 class=\"wp-block-heading has-custom-weight\" style=\"font-size:27px;font-weight:bold\">Quantitative method:<\/h2>\n\n\n\n<p class=\"has-arial-font-family has-custom-font\" style=\"font-family:Arial\"><mark style=\"background-color:rgba(0, 0, 0, 0);color:#0e0e0e\" class=\"has-inline-color\">The quantitative method offers information of a more objective and evident nature. Its results can reflect market occurrences, as a whole, or of its segments, according to the sample being worked with. Our processes offer a range of services and a wealth of experience in obtaining clear and objective information.<\/mark><\/p>\n\n\n\n<div class=\"wp-block-coblocks-accordion\">\n<div class=\"wp-block-coblocks-accordion-item has-custom-font\" style=\"font-family:Arial\"><details><summary class=\"wp-block-coblocks-accordion-item__title\"><mark style=\"background-color:rgba(0, 0, 0, 0);color:#000000\" class=\"has-inline-color\">Public Opinion Research<\/mark><\/summary><div class=\"wp-block-coblocks-accordion-item__content\">\n<p><mark style=\"background-color:rgba(0, 0, 0, 0);color:#000000\" class=\"has-inline-color\">It is carried out with the entire population or a specific segment. It seeks to find out (collect percentages) about what people know (or imagine they know) and how people see the research topic.<\/mark><\/p>\n<\/div><\/details><\/div>\n\n\n\n<div class=\"wp-block-coblocks-accordion-item has-custom-font\" style=\"font-family:Arial\"><details><summary class=\"wp-block-coblocks-accordion-item__title\"><mark style=\"background-color:rgba(0, 0, 0, 0);color:#000000\" class=\"has-inline-color\">Research at Point of Sale (POS)<\/mark><\/summary><div class=\"wp-block-coblocks-accordion-item__content\">\n<p><mark style=\"background-color:rgba(0, 0, 0, 0);color:#010101\" class=\"has-inline-color\">Gathers information about the consumer who is visiting the point of sale. Finds out data about the consumer or about the various variables that influence sales at the POS.<\/mark><\/p>\n<\/div><\/details><\/div>\n\n\n\n<div class=\"wp-block-coblocks-accordion-item has-custom-font\" style=\"font-family:Arial\"><details><summary class=\"wp-block-coblocks-accordion-item__title\"><mark style=\"background-color:rgba(0, 0, 0, 0);color:#000000\" class=\"has-inline-color\">Media Research<\/mark><\/summary><div class=\"wp-block-coblocks-accordion-item__content\">\n<p><mark style=\"background-color:rgba(0, 0, 0, 0);color:#000000\" class=\"has-inline-color\">Find out which newspaper, magazine, radio and TV station best reaches a certain target audience. Which ad placement is best. What are the appropriate times and days. Media research allows you to better rationalise the costs of<br>communication costs.<\/mark><\/p>\n<\/div><\/details><\/div>\n\n\n\n<div class=\"wp-block-coblocks-accordion-item has-custom-font\" style=\"font-family:Arial\"><details><summary class=\"wp-block-coblocks-accordion-item__title\"><mark style=\"background-color:rgba(0, 0, 0, 0);color:#000000\" class=\"has-inline-color\">Product Testing<\/mark><\/summary><div class=\"wp-block-coblocks-accordion-item__content\">\n<p><mark style=\"background-color:rgba(0, 0, 0, 0);color:#000000\" class=\"has-inline-color\">In this type of research, the consumer evaluates the \"product\" to be launched or modified, its advantages and disadvantages compared to the competition or the current product, anticipating the receptivity of the market.<\/mark><\/p>\n<\/div><\/details><\/div>\n\n\n\n<div class=\"wp-block-coblocks-accordion-item has-custom-font\" style=\"font-family:Arial\"><details><summary class=\"wp-block-coblocks-accordion-item__title\"><mark style=\"background-color:rgba(0, 0, 0, 0);color:#000000\" class=\"has-inline-color\">Packaging Test<\/mark><\/summary><div class=\"wp-block-coblocks-accordion-item__content\">\n<p class=\"has-arial-font-family has-custom-font\" style=\"font-family:Arial\"><mark style=\"background-color:rgba(0, 0, 0, 0);color:#000000\" class=\"has-inline-color\">It is also used for new product launches or to change the packaging of existing products. It can be done in one or more visits. Real packaging, prototypes, photos and even unfinished drawings can be used.<\/mark><\/p>\n<\/div><\/details><\/div>\n\n\n\n<div class=\"wp-block-coblocks-accordion-item has-custom-font\" style=\"font-family:Arial\"><details><summary class=\"wp-block-coblocks-accordion-item__title\"><mark style=\"background-color:rgba(0, 0, 0, 0);color:#000000\" class=\"has-inline-color\">Concept + Product Test<\/mark><\/summary><div class=\"wp-block-coblocks-accordion-item__content\">\n<p><mark style=\"background-color:rgba(0, 0, 0, 0);color:#000000\" class=\"has-inline-color\">In this case, at first a product description is shown, followed by questions about the description, then the interviewee tries the product and many of the questions asked about the concept are repeated to find out the interviewee's opinion about the product.<\/mark><\/p>\n<\/div><\/details><\/div>\n\n\n\n<div class=\"wp-block-coblocks-accordion-item has-custom-font\" style=\"font-family:Arial\"><details><summary class=\"wp-block-coblocks-accordion-item__title\"><mark style=\"background-color:rgba(0, 0, 0, 0);color:#000000\" class=\"has-inline-color\">Habits and Attitudes (H&amp;A)<\/mark><\/summary><div class=\"wp-block-coblocks-accordion-item__content\">\n<p><mark style=\"background-color:rgba(0, 0, 0, 0);color:#080808\" class=\"has-inline-color\">Questionnaires containing several questions about consumer habits and\/or attitudes towards a certain theme, product or product category.<\/mark><\/p>\n<\/div><\/details><\/div>\n\n\n\n<div class=\"wp-block-coblocks-accordion-item has-custom-font\" style=\"font-family:Arial\"><details><summary class=\"wp-block-coblocks-accordion-item__title\"><mark style=\"background-color:rgba(0, 0, 0, 0);color:#000000\" class=\"has-inline-color\">Trackings<\/mark><\/summary><div class=\"wp-block-coblocks-accordion-item__content\">\n<p><mark style=\"background-color:rgba(0, 0, 0, 0);color:#000000\" class=\"has-inline-color\">These are systematically repeated surveys, obeying pre-established intervals, which may be weeks, months, etc. The study is repeated using the same questionnaire and in the same places (cities, neighborhoods and sub-districts), not with the same people, but with the same profile characteristics. The intention is to monitor and detect trends.<\/mark><\/p>\n<\/div><\/details><\/div>\n\n\n\n<div class=\"wp-block-coblocks-accordion-item has-custom-font\" style=\"font-family:Arial\"><details><summary class=\"wp-block-coblocks-accordion-item__title\"><mark style=\"background-color:rgba(0, 0, 0, 0);color:#010101\" class=\"has-inline-color\">Panel<\/mark><\/summary><div class=\"wp-block-coblocks-accordion-item__content\">\n<p><mark style=\"background-color:rgba(0, 0, 0, 0);color:#000000\" class=\"has-inline-color\">Same methodology as the trackings, but always involving the same interviewees.<\/mark><\/p>\n<\/div><\/details><\/div>\n\n\n\n<div class=\"wp-block-coblocks-accordion-item has-custom-font\" style=\"font-family:Arial\"><details><summary class=\"wp-block-coblocks-accordion-item__title\"><mark style=\"background-color:rgba(0, 0, 0, 0);color:#000000\" class=\"has-inline-color\">Clinics<\/mark><\/summary><div class=\"wp-block-coblocks-accordion-item__content\">\n<p><mark style=\"background-color:rgba(0, 0, 0, 0);color:#000000\" class=\"has-inline-color\">Used when the product to be tested requires specific preparation conditions. In this case, the interviewee is always invited to go to the place where the products are displayed.<\/mark><\/p>\n<\/div><\/details><\/div>\n\n\n\n<div class=\"wp-block-coblocks-accordion-item has-custom-font\" style=\"font-family:Arial\"><details><summary class=\"wp-block-coblocks-accordion-item__title\"><mark style=\"background-color:rgba(0, 0, 0, 0);color:#000000\" class=\"has-inline-color\">Pre-Test Advertising (Campaign)<\/mark><\/summary><div class=\"wp-block-coblocks-accordion-item__content\">\n<p><mark style=\"background-color:rgba(0, 0, 0, 0);color:#000000\" class=\"has-inline-color\">Verifies the acceptance and the main ideas of the consumer in relation to the messages of an advertisement that is about to be launched or that is still in the creative process.<\/mark><\/p>\n<\/div><\/details><\/div>\n\n\n\n<div class=\"wp-block-coblocks-accordion-item has-custom-font\" style=\"font-family:Arial\"><details><summary class=\"wp-block-coblocks-accordion-item__title\"><mark style=\"background-color:rgba(0, 0, 0, 0);color:#020202\" class=\"has-inline-color\">Advertising Post-Test (Campaign)<\/mark><\/summary><div class=\"wp-block-coblocks-accordion-item__content\">\n<p><mark style=\"background-color:rgba(0, 0, 0, 0);color:#000000\" class=\"has-inline-color\">Used to raise the remembrance index, the apprehended messages and other aspects of advertising.<\/mark><\/p>\n<\/div><\/details><\/div>\n\n\n\n<div class=\"wp-block-coblocks-accordion-item has-custom-font\" style=\"font-family:Arial\"><details><summary class=\"wp-block-coblocks-accordion-item__title\"><mark style=\"background-color:rgba(0, 0, 0, 0);color:#000000\" class=\"has-inline-color\">Image Study<\/mark><\/summary><div class=\"wp-block-coblocks-accordion-item__content\">\n<p><mark style=\"background-color:rgba(0, 0, 0, 0);color:#000000\" class=\"has-inline-color\">Tests and analyses the image of products\/brands, services or institutions. Verifies how much and in what way this image interferes in the evaluation for purchase, use of the product or service.<\/mark><\/p>\n<\/div><\/details><\/div>\n<\/div>\n\n\n\n<div class=\"wp-block-columns is-layout-flex wp-container-core-columns-is-layout-9d6595d7 wp-block-columns-is-layout-flex\">\n<div class=\"wp-block-column is-layout-flow wp-block-column-is-layout-flow\" style=\"flex-basis:100%\">\n<div class=\"wp-block-group\"><div class=\"wp-block-group__inner-container is-layout-flow wp-block-group-is-layout-flow\">\n<p class=\"has-text-align-center has-large-font-size\"><\/p>\n<\/div><\/div>\n<\/div>\n<\/div>\n\n\n\n<div class=\"wp-block-cover alignwide is-light is-style-default\" style=\"min-height:567px;aspect-ratio:unset;\"><img loading=\"lazy\" decoding=\"async\" width=\"1000\" height=\"665\" class=\"wp-block-cover__image-background wp-image-406\" alt=\"\" src=\"https:\/\/previsaopesquisas.com.br\/wp-content\/uploads\/2021\/05\/programa-para-emitir-nota-fiscal-na-bahia-Nfce-nfe-5.jpg\" style=\"object-position:59% 18%\" data-object-fit=\"cover\" data-object-position=\"59% 18%\" srcset=\"https:\/\/previsaopesquisas.com.br\/wp-content\/uploads\/2021\/05\/programa-para-emitir-nota-fiscal-na-bahia-Nfce-nfe-5.jpg 1000w, https:\/\/previsaopesquisas.com.br\/wp-content\/uploads\/2021\/05\/programa-para-emitir-nota-fiscal-na-bahia-Nfce-nfe-5-300x200.jpg 300w, https:\/\/previsaopesquisas.com.br\/wp-content\/uploads\/2021\/05\/programa-para-emitir-nota-fiscal-na-bahia-Nfce-nfe-5-768x511.jpg 768w\" sizes=\"auto, (max-width: 1000px) 100vw, 1000px\" \/><span aria-hidden=\"true\" class=\"wp-block-cover__background has-primary-background-color has-background-dim\"><\/span><div class=\"wp-block-cover__inner-container is-layout-flow wp-block-cover-is-layout-flow\">\n<div class=\"wp-block-buttons is-layout-flex wp-block-buttons-is-layout-flex\">\n<div class=\"wp-block-button is-style-outline aligncenter is-style-outline--1\"><a class=\"wp-block-button__link has-quaternary-color has-text-color wp-element-button\" href=\"https:\/\/previsaopesquisas.com.br\/en\/contato\/\">contact us<\/a><\/div>\n<\/div>\n<\/div><\/div>\n\n\n\n<div class=\"wp-block-buttons is-layout-flex wp-block-buttons-is-layout-flex\"><\/div>\n\n\n\n<p><\/p>","protected":false},"excerpt":{"rendered":"<p>M\u00e9todo quantitativo: O m\u00e9todo quantitativo oferece informa\u00e7\u00f5es de natureza mais objetiva e aparente. Seus resultados podem refletir as ocorr\u00eancias do mercado, como um todo, ou de seus segmentos, de acordo com a amostra com a qual se trabalha.\u00a0Nossos processos oferecem uma gama de servi\u00e7os e uma rica experi\u00eancia na obten\u00e7\u00e3o de informa\u00e7\u00f5es claras e objetivas.<\/p>","protected":false},"author":1,"featured_media":0,"parent":0,"menu_order":0,"comment_status":"closed","ping_status":"closed","template":"","meta":{"_coblocks_attr":"ArialBarlow Condensed,IBM Plex Sans,Georgia,Noto Sans,Lora,Yrsa,Rubik,,Arial","_coblocks_dimensions":"","_coblocks_responsive_height":"","_coblocks_accordion_ie_support":"","hide_page_title":"","footnotes":""},"class_list":["post-329","page","type-page","status-publish","hentry"],"_links":{"self":[{"href":"https:\/\/previsaopesquisas.com.br\/en\/wp-json\/wp\/v2\/pages\/329","targetHints":{"allow":["GET"]}}],"collection":[{"href":"https:\/\/previsaopesquisas.com.br\/en\/wp-json\/wp\/v2\/pages"}],"about":[{"href":"https:\/\/previsaopesquisas.com.br\/en\/wp-json\/wp\/v2\/types\/page"}],"author":[{"embeddable":true,"href":"https:\/\/previsaopesquisas.com.br\/en\/wp-json\/wp\/v2\/users\/1"}],"replies":[{"embeddable":true,"href":"https:\/\/previsaopesquisas.com.br\/en\/wp-json\/wp\/v2\/comments?post=329"}],"version-history":[{"count":28,"href":"https:\/\/previsaopesquisas.com.br\/en\/wp-json\/wp\/v2\/pages\/329\/revisions"}],"predecessor-version":[{"id":2239,"href":"https:\/\/previsaopesquisas.com.br\/en\/wp-json\/wp\/v2\/pages\/329\/revisions\/2239"}],"wp:attachment":[{"href":"https:\/\/previsaopesquisas.com.br\/en\/wp-json\/wp\/v2\/media?parent=329"}],"curies":[{"name":"wp","href":"https:\/\/api.w.org\/{rel}","templated":true}]}}