{"id":328,"date":"2021-05-14T18:15:16","date_gmt":"2021-05-14T18:15:16","guid":{"rendered":"https:\/\/previsaopesquisas.com.br\/?page_id=328"},"modified":"2025-10-29T20:45:12","modified_gmt":"2025-10-29T20:45:12","slug":"qualitativos","status":"publish","type":"page","link":"https:\/\/previsaopesquisas.com.br\/en\/qualitativos\/","title":{"rendered":"qualitatives"},"content":{"rendered":"<h2 class=\"wp-block-heading has-custom-weight\" style=\"font-size:27px;font-weight:bold\">Qualitative method:<\/h2>\n\n\n\n<p class=\"has-arial-font-family has-custom-font\" style=\"font-family:Arial\"><mark style=\"background-color:rgba(0, 0, 0, 0);color:#000000\" class=\"has-inline-color\">The Qualitative Method offers information of a more subjective and latent nature. This implies not only in an analysis of the interviewee's speech, but also of his\/her global posture before the questions that are posed. Without statistical concern, the application of this method occurs in a more restricted number of cases, if compared to the quantitative one.<\/mark><\/p>\n\n\n\n<div class=\"wp-block-coblocks-accordion\">\n<div class=\"wp-block-coblocks-accordion-item has-custom-font\" style=\"font-family:Arial\"><details><summary class=\"wp-block-coblocks-accordion-item__title\"><mark style=\"background-color:rgba(0, 0, 0, 0);color:#000000\" class=\"has-inline-color\">Focal groups<\/mark><\/summary><div class=\"wp-block-coblocks-accordion-item__content\">\n<p><mark style=\"background-color:rgba(0, 0, 0, 0);color:#000000\" class=\"has-inline-color\">A group of 8 to 10 people is invited, with pre-established characteristics, to exchange ideas and discuss the object of the research.<\/mark><\/p>\n<\/div><\/details><\/div>\n\n\n\n<div class=\"wp-block-coblocks-accordion-item has-custom-font\" style=\"font-family:Arial\"><details><summary class=\"wp-block-coblocks-accordion-item__title\"><mark style=\"background-color:rgba(0, 0, 0, 0);color:#0b0b0b\" class=\"has-inline-color\">In-Depth Interviews<\/mark><\/summary><div class=\"wp-block-coblocks-accordion-item__content\">\n<p><mark style=\"background-color:rgba(0, 0, 0, 0);color:#050505\" class=\"has-inline-color\">The interviewee manifests himself individually about the researched object, where a research professional conducts the interview, through topics previously selected according to the client's objectives.<\/mark><\/p>\n<\/div><\/details><\/div>\n\n\n\n<div class=\"wp-block-coblocks-accordion-item has-custom-font\" style=\"font-family:Arial\"><details><summary class=\"wp-block-coblocks-accordion-item__title\"><mark style=\"background-color:rgba(0, 0, 0, 0);color:#000000\" class=\"has-inline-color\">Ethnographic<\/mark><\/summary><div class=\"wp-block-coblocks-accordion-item__content\">\n<p><mark style=\"background-color:rgba(0, 0, 0, 0);color:#050505\" class=\"has-inline-color\">It is research that aims to understand, in its everydayness, the processes of daily life in its various forms, the ways of life of the individual or social group.<br>In it, the interviewer has an active participation, despite observing a script, he can ask additional questions to clarify issues to better understand the context.<\/mark><\/p>\n<\/div><\/details><\/div>\n\n\n\n<div class=\"wp-block-coblocks-accordion-item has-custom-font\" style=\"font-family:Arial\"><details><summary class=\"wp-block-coblocks-accordion-item__title\"><mark style=\"background-color:rgba(0, 0, 0, 0);color:#000000\" class=\"has-inline-color\">Mystery shopper e audits<\/mark><\/summary><div class=\"wp-block-coblocks-accordion-item__content\">\n<ul class=\"wp-block-list\">\n<li><mark style=\"background-color:rgba(0, 0, 0, 0);color:#000000\" class=\"has-inline-color\">Mystery shopper:<\/mark><\/li>\n<\/ul>\n\n\n\n<p><mark style=\"background-color:rgba(0, 0, 0, 0);color:#030303\" class=\"has-inline-color\">It studies the variables that influence the sale of products or services:<\/mark><\/p>\n\n\n\n<p>&#8211;<mark style=\"background-color:rgba(0, 0, 0, 0);color:#000000\" class=\"has-inline-color\"> Simulated purchase of the researched product or service.<\/mark><br>&#8211; <mark style=\"background-color:rgba(0, 0, 0, 0);color:#000000\" class=\"has-inline-color\">It seeks to evaluate the salesperson's knowledge of a product or service and the difficulties faced.<\/mark><\/p>\n\n\n\n<ul class=\"wp-block-list\">\n<li><mark style=\"background-color:rgba(0, 0, 0, 0);color:#000000\" class=\"has-inline-color\">Audits:<\/mark><\/li>\n<\/ul>\n\n\n\n<p><mark style=\"background-color:rgba(0, 0, 0, 0);color:#040404\" class=\"has-inline-color\">Checks - identified or hidden - carried out by auditors focusing on compliance with operational standards. In possession of this information:<\/mark><\/p>\n\n\n\n<p>&#8211; <mark style=\"background-color:rgba(0, 0, 0, 0);color:#040404\" class=\"has-inline-color\">Identify specific failures in the store's planogram execution.<\/mark><br>&#8211; <mark style=\"background-color:rgba(0, 0, 0, 0);color:#030303\" class=\"has-inline-color\">Ensure the implementation of merchandising actions<\/mark><mark style=\"background-color:rgba(0, 0, 0, 0);color:#000000\" class=\"has-inline-color\">.<\/mark><br>&#8211; <mark style=\"background-color:rgba(0, 0, 0, 0);color:#000000\" class=\"has-inline-color\">Reduce the levels of product stockouts.<\/mark><br>&#8211; <mark style=\"background-color:rgba(0, 0, 0, 0);color:#000000\" class=\"has-inline-color\">Maximize sales conversion rates.<\/mark><\/p>\n<\/div><\/details><\/div>\n<\/div>\n\n\n\n<div class=\"wp-block-cover alignwide is-light\"><img loading=\"lazy\" decoding=\"async\" width=\"1280\" height=\"862\" class=\"wp-block-cover__image-background wp-image-413\" alt=\"\" src=\"https:\/\/previsaopesquisas.com.br\/wp-content\/uploads\/2021\/05\/WhatsApp-Image-2021-05-14-at-14.32.55-1.jpeg\" style=\"object-position:49% 29%\" data-object-fit=\"cover\" data-object-position=\"49% 29%\" srcset=\"https:\/\/previsaopesquisas.com.br\/wp-content\/uploads\/2021\/05\/WhatsApp-Image-2021-05-14-at-14.32.55-1.jpeg 1280w, https:\/\/previsaopesquisas.com.br\/wp-content\/uploads\/2021\/05\/WhatsApp-Image-2021-05-14-at-14.32.55-1-300x202.jpeg 300w, https:\/\/previsaopesquisas.com.br\/wp-content\/uploads\/2021\/05\/WhatsApp-Image-2021-05-14-at-14.32.55-1-1024x690.jpeg 1024w, https:\/\/previsaopesquisas.com.br\/wp-content\/uploads\/2021\/05\/WhatsApp-Image-2021-05-14-at-14.32.55-1-768x517.jpeg 768w\" sizes=\"auto, (max-width: 1280px) 100vw, 1280px\" \/><span aria-hidden=\"true\" class=\"wp-block-cover__background has-secondary-background-color has-background-dim\"><\/span><div class=\"wp-block-cover__inner-container is-layout-flow wp-block-cover-is-layout-flow\">\n<div class=\"wp-block-buttons is-layout-flex wp-block-buttons-is-layout-flex\">\n<div class=\"wp-block-button aligncenter is-style-outline is-style-outline--1\"><a class=\"wp-block-button__link has-quaternary-color has-text-color\" href=\"https:\/\/previsaopesquisas.com.br\/en\/contato\/\">contact us<\/a><\/div>\n<\/div>\n<\/div><\/div>","protected":false},"excerpt":{"rendered":"<p>M\u00e9todo qualitativo: O M\u00e9todo Qualitativo oferece informa\u00e7\u00f5es de natureza mais subjetiva e latente. Isto implica n\u00e3o s\u00f3 uma an\u00e1lise do discurso do entrevistado, como tamb\u00e9m de sua postura mais global, diante das quest\u00f5es que lhe s\u00e3o colocadas. Sem a preocupa\u00e7\u00e3o estat\u00edstica, a aplica\u00e7\u00e3o deste m\u00e9todo ocorre em n\u00famero de casos mais restritos, se comparados ao [&hellip;]<\/p>\n","protected":false},"author":1,"featured_media":0,"parent":0,"menu_order":0,"comment_status":"closed","ping_status":"closed","template":"","meta":{"_coblocks_attr":"Arial,Arial","_coblocks_dimensions":"","_coblocks_responsive_height":"","_coblocks_accordion_ie_support":"","hide_page_title":"","footnotes":""},"class_list":["post-328","page","type-page","status-publish","hentry"],"_links":{"self":[{"href":"https:\/\/previsaopesquisas.com.br\/en\/wp-json\/wp\/v2\/pages\/328","targetHints":{"allow":["GET"]}}],"collection":[{"href":"https:\/\/previsaopesquisas.com.br\/en\/wp-json\/wp\/v2\/pages"}],"about":[{"href":"https:\/\/previsaopesquisas.com.br\/en\/wp-json\/wp\/v2\/types\/page"}],"author":[{"embeddable":true,"href":"https:\/\/previsaopesquisas.com.br\/en\/wp-json\/wp\/v2\/users\/1"}],"replies":[{"embeddable":true,"href":"https:\/\/previsaopesquisas.com.br\/en\/wp-json\/wp\/v2\/comments?post=328"}],"version-history":[{"count":14,"href":"https:\/\/previsaopesquisas.com.br\/en\/wp-json\/wp\/v2\/pages\/328\/revisions"}],"predecessor-version":[{"id":2241,"href":"https:\/\/previsaopesquisas.com.br\/en\/wp-json\/wp\/v2\/pages\/328\/revisions\/2241"}],"wp:attachment":[{"href":"https:\/\/previsaopesquisas.com.br\/en\/wp-json\/wp\/v2\/media?parent=328"}],"curies":[{"name":"wp","href":"https:\/\/api.w.org\/{rel}","templated":true}]}}