{"id":21,"date":"2021-02-03T23:32:36","date_gmt":"2021-02-03T23:32:36","guid":{"rendered":"https:\/\/previsaopesquisas.com.br\/contato\/"},"modified":"2025-10-29T20:55:15","modified_gmt":"2025-10-29T20:55:15","slug":"contato","status":"publish","type":"page","link":"https:\/\/previsaopesquisas.com.br\/en\/contato\/","title":{"rendered":"contact"},"content":{"rendered":"<div class=\"wp-block-cover alignfull is-light\" style=\"min-height:493px;aspect-ratio:unset;\"><img loading=\"lazy\" decoding=\"async\" width=\"1800\" height=\"1012\" class=\"wp-block-cover__image-background wp-image-147\" alt=\"\" src=\"https:\/\/previsaopesquisas.com.br\/wp-content\/uploads\/2021\/02\/Brasilia-1.jpg\" style=\"object-position:47% 34%\" data-object-fit=\"cover\" data-object-position=\"47% 34%\" srcset=\"https:\/\/previsaopesquisas.com.br\/wp-content\/uploads\/2021\/02\/Brasilia-1.jpg 1800w, https:\/\/previsaopesquisas.com.br\/wp-content\/uploads\/2021\/02\/Brasilia-1-300x169.jpg 300w, https:\/\/previsaopesquisas.com.br\/wp-content\/uploads\/2021\/02\/Brasilia-1-1024x576.jpg 1024w, https:\/\/previsaopesquisas.com.br\/wp-content\/uploads\/2021\/02\/Brasilia-1-768x432.jpg 768w, https:\/\/previsaopesquisas.com.br\/wp-content\/uploads\/2021\/02\/Brasilia-1-1536x864.jpg 1536w\" sizes=\"auto, (max-width: 1800px) 100vw, 1800px\" \/><span aria-hidden=\"true\" class=\"wp-block-cover__background has-secondary-background-color has-background-dim\"><\/span><div class=\"wp-block-cover__inner-container is-layout-flow wp-block-cover-is-layout-flow\">\n<p class=\"has-text-align-center has-large-font-size\"><\/p>\n<\/div><\/div>\n\n\n\n<div class=\"wp-block-columns alignwide are-vertically-aligned-top is-layout-flex wp-container-core-columns-is-layout-9d6595d7 wp-block-columns-is-layout-flex\">\n<div class=\"wp-block-column is-vertically-aligned-top is-layout-flow wp-block-column-is-layout-flow\" style=\"flex-basis:100%\">\n<div class=\"wp-block-columns is-layout-flex wp-container-core-columns-is-layout-9d6595d7 wp-block-columns-is-layout-flex\">\n<div class=\"wp-block-column is-layout-flow wp-block-column-is-layout-flow\" style=\"flex-basis:100%\">\n<div class=\"wp-block-columns is-layout-flex wp-container-core-columns-is-layout-9d6595d7 wp-block-columns-is-layout-flex\">\n<div class=\"wp-block-column is-layout-flow wp-block-column-is-layout-flow\" style=\"flex-basis:100%\">\n<div class=\"wp-block-columns is-layout-flex wp-container-core-columns-is-layout-9d6595d7 wp-block-columns-is-layout-flex\">\n<div class=\"wp-block-column is-layout-flow wp-block-column-is-layout-flow\" style=\"flex-basis:100%\">\n<div class=\"wp-block-group alignwide\"><div class=\"wp-block-group__inner-container is-layout-flow wp-block-group-is-layout-flow\">\n<div class=\"wp-block-columns is-layout-flex wp-container-core-columns-is-layout-9d6595d7 wp-block-columns-is-layout-flex\">\n<div class=\"wp-block-column is-layout-flow wp-block-column-is-layout-flow\" style=\"flex-basis:100%\">\n<div class=\"wp-block-columns is-layout-flex wp-container-core-columns-is-layout-9d6595d7 wp-block-columns-is-layout-flex\">\n<div class=\"wp-block-column is-layout-flow wp-block-column-is-layout-flow\">\n<div class=\"wp-block-group\"><div class=\"wp-block-group__inner-container is-layout-flow wp-block-group-is-layout-flow\">\n<p><\/p>\n\n\n\n<h6 class=\"wp-block-heading has-custom-weight\" style=\"font-weight:bold;font-size:25px\">Contact us<\/h6>\n<\/div><\/div>\n\n\n\n<div class=\"wp-block-group\"><div class=\"wp-block-group__inner-container is-layout-flow wp-block-group-is-layout-flow\">\n<p class=\"has-text-align-left has-arial-font-family has-custom-font\" style=\"font-family:Arial\"><mark style=\"background-color:rgba(0, 0, 0, 0);color:#000000\" class=\"has-inline-color\">For quote requests, inquiries, or general questions, please contact us.<\/mark><\/p>\n<\/div><\/div>\n\n\n\n<div class=\"wp-block-group\"><div class=\"wp-block-group__inner-container is-layout-flow wp-block-group-is-layout-flow\">\n<p class=\"has-arial-font-family has-custom-font\" style=\"font-family:Arial\"><mark style=\"background-color:rgba(0, 0, 0, 0);color:#000000\" class=\"has-inline-color\">Telephone: (+55) 11 3230-7646<\/mark><\/p>\n<\/div><\/div>\n\n\n\n<p class=\"has-arial-font-family has-custom-font\" style=\"font-family:Arial\"><mark style=\"background-color:rgba(0, 0, 0, 0);color:#000000\" class=\"has-inline-color\">Mobile: (+55) 21 97007-2408<\/mark><\/p>\n\n\n\n<p class=\"has-arial-font-family has-custom-font\" style=\"font-family:Arial\"><mark style=\"background-color:rgba(0, 0, 0, 0);color:#040404\" class=\"has-inline-color\">Email: renato@previsaopesquisas.com.br<\/mark><\/p>\n<\/div>\n\n\n\n<div class=\"wp-block-column is-layout-flow wp-block-column-is-layout-flow\">\n<div class=\"wp-block-contact-form-7-contact-form-selector\">\n<div class=\"wpcf7 no-js\" id=\"wpcf7-f448-o1\" lang=\"pt-BR\" dir=\"ltr\" data-wpcf7-id=\"448\">\n<div class=\"screen-reader-response\"><p role=\"status\" aria-live=\"polite\" aria-atomic=\"true\"><\/p> <ul><\/ul><\/div>\n<form action=\"\/en\/wp-json\/wp\/v2\/pages\/21#wpcf7-f448-o1\" method=\"post\" class=\"wpcf7-form init\" aria-label=\"Formul\u00e1rios de contato\" novalidate=\"novalidate\" data-status=\"init\" data-trp-original-action=\"\/en\/wp-json\/wp\/v2\/pages\/21#wpcf7-f448-o1\">\n<fieldset class=\"hidden-fields-container\"><input type=\"hidden\" name=\"_wpcf7\" value=\"448\" \/><input type=\"hidden\" name=\"_wpcf7_version\" value=\"6.1.5\" \/><input type=\"hidden\" name=\"_wpcf7_locale\" value=\"pt_BR\" \/><input type=\"hidden\" name=\"_wpcf7_unit_tag\" value=\"wpcf7-f448-o1\" \/><input type=\"hidden\" name=\"_wpcf7_container_post\" value=\"0\" \/><input type=\"hidden\" name=\"_wpcf7_posted_data_hash\" value=\"\" \/>\n<\/fieldset>\n<h6>Contact:\n<\/h6>\n<p><label> your name<br \/>\n<span class=\"wpcf7-form-control-wrap\" data-name=\"your-name\"><input size=\"40\" maxlength=\"400\" class=\"wpcf7-form-control wpcf7-text wpcf7-validates-as-required\" aria-required=\"true\" aria-invalid=\"false\" value=\"\" type=\"text\" name=\"your-name\" \/><\/span> <\/label>\n<\/p>\n<p><label> your e-mail<br \/>\n<span class=\"wpcf7-form-control-wrap\" data-name=\"your-email\"><input size=\"40\" maxlength=\"400\" class=\"wpcf7-form-control wpcf7-email wpcf7-validates-as-required wpcf7-text wpcf7-validates-as-email\" aria-required=\"true\" aria-invalid=\"false\" value=\"\" type=\"email\" name=\"your-email\" \/><\/span> <\/label>\n<\/p>\n<p><label> subject<br \/>\n<span class=\"wpcf7-form-control-wrap\" data-name=\"your-subject\"><input size=\"40\" maxlength=\"400\" class=\"wpcf7-form-control wpcf7-text wpcf7-validates-as-required\" aria-required=\"true\" aria-invalid=\"false\" value=\"\" type=\"text\" name=\"your-subject\" \/><\/span> <\/label>\n<\/p>\n<p><label> your message<br \/>\n<span class=\"wpcf7-form-control-wrap\" data-name=\"your-message\"><textarea cols=\"40\" rows=\"10\" maxlength=\"2000\" class=\"wpcf7-form-control wpcf7-textarea\" aria-invalid=\"false\" name=\"your-message\"><\/textarea><\/span> <\/label>\n<\/p>\n<p><input class=\"wpcf7-form-control wpcf7-submit has-spinner\" type=\"submit\" value=\"send\" \/>\n<\/p><div class=\"wpcf7-response-output\" aria-hidden=\"true\"><\/div>\n<input type=\"hidden\" name=\"trp-form-language\" value=\"en\"\/><\/form>\n<\/div>\n<\/div>\n<\/div>\n<\/div>\n<\/div>\n<\/div>\n<\/div><\/div>\n<\/div>\n<\/div>\n<\/div>\n<\/div>\n<\/div>\n<\/div>\n<\/div>\n<\/div>\n\n\n\n<div class=\"wp-block-group\"><div class=\"wp-block-group__inner-container is-layout-constrained wp-block-group-is-layout-constrained\"><\/div><\/div>\n\n\n\n<p><strong>Endere\u00e7o: Rua Apucarana, 513 &#8211; Tatuap\u00e9, S\u00e3o Paulo &#8211; SP, CEP 03311-000, Brasil<\/strong><\/p>","protected":false},"excerpt":{"rendered":"<p>Fale conosco Solicita\u00e7\u00f5es de or\u00e7amentos, consultas ou d\u00favidas gerais, entre em contato. Telefone: (+55) 11 3230-7646 Celular: (+55) 21 97007-2408 Email: renato@previsaopesquisas.com.br Endere\u00e7o: Rua Apucarana, 513 &#8211; Tatuap\u00e9, S\u00e3o Paulo &#8211; SP, CEP 03311-000, Brasil<\/p>","protected":false},"author":0,"featured_media":0,"parent":0,"menu_order":0,"comment_status":"closed","ping_status":"closed","template":"","meta":{"_coblocks_attr":"Arial,Arial","_coblocks_dimensions":"","_coblocks_responsive_height":"","_coblocks_accordion_ie_support":"","hide_page_title":"","footnotes":""},"class_list":["post-21","page","type-page","status-publish","hentry"],"_links":{"self":[{"href":"https:\/\/previsaopesquisas.com.br\/en\/wp-json\/wp\/v2\/pages\/21","targetHints":{"allow":["GET"]}}],"collection":[{"href":"https:\/\/previsaopesquisas.com.br\/en\/wp-json\/wp\/v2\/pages"}],"about":[{"href":"https:\/\/previsaopesquisas.com.br\/en\/wp-json\/wp\/v2\/types\/page"}],"replies":[{"embeddable":true,"href":"https:\/\/previsaopesquisas.com.br\/en\/wp-json\/wp\/v2\/comments?post=21"}],"version-history":[{"count":44,"href":"https:\/\/previsaopesquisas.com.br\/en\/wp-json\/wp\/v2\/pages\/21\/revisions"}],"predecessor-version":[{"id":2243,"href":"https:\/\/previsaopesquisas.com.br\/en\/wp-json\/wp\/v2\/pages\/21\/revisions\/2243"}],"wp:attachment":[{"href":"https:\/\/previsaopesquisas.com.br\/en\/wp-json\/wp\/v2\/media?parent=21"}],"curies":[{"name":"wp","href":"https:\/\/api.w.org\/{rel}","templated":true}]}}