{"id":20,"date":"2021-02-03T23:32:36","date_gmt":"2021-02-03T23:32:36","guid":{"rendered":"https:\/\/previsaopesquisas.com.br\/servicos\/"},"modified":"2025-10-29T20:18:54","modified_gmt":"2025-10-29T20:18:54","slug":"servicos","status":"publish","type":"page","link":"https:\/\/previsaopesquisas.com.br\/en\/servicos\/","title":{"rendered":"services"},"content":{"rendered":"<h2 class=\"wp-block-heading\">Services:<\/h2>\n\n\n\n<p class=\"has-arial-font-family has-custom-font\" style=\"font-family:Arial\"><mark style=\"background-color:rgba(0, 0, 0, 0);color:#000000\" class=\"has-inline-color\">Many assume that the research activity is only in the preparation of a questionnaire, its application and subsequent analysis. However, research work involves a series of technical procedures, ranging from planning, through the collection instrument, data treatment, analysis and interpretation. Only then does it result in a reliable tool for decision making.<\/mark><\/p>\n\n\n\n<div class=\"wp-block-buttons is-layout-flex wp-block-buttons-is-layout-flex\">\n<div class=\"wp-block-button\"><a class=\"wp-block-button__link wp-element-button\" href=\"https:\/\/previsaopesquisas.com.br\/en\/qualitativos\/\">Qualitative method<\/a><\/div>\n<\/div>\n\n\n\n<div class=\"wp-block-buttons is-layout-flex wp-block-buttons-is-layout-flex\">\n<div class=\"wp-block-button\"><a class=\"wp-block-button__link wp-element-button\" href=\"https:\/\/previsaopesquisas.com.br\/en\/quantitativos\/\">Quantitative method<\/a><\/div>\n<\/div>\n\n\n\n<p><\/p>\n\n\n\n<div class=\"wp-block-columns is-layout-flex wp-container-core-columns-is-layout-9d6595d7 wp-block-columns-is-layout-flex\">\n<div class=\"wp-block-column is-layout-flow wp-block-column-is-layout-flow\" style=\"flex-basis:100%\">\n<div class=\"wp-block-coblocks-accordion\">\n<div class=\"wp-block-coblocks-accordion-item\"><\/div>\n<\/div>\n<\/div>\n<\/div>\n\n\n\n<div class=\"wp-block-cover is-light alignfull\"><img loading=\"lazy\" decoding=\"async\" width=\"1920\" height=\"1080\" class=\"wp-block-cover__image-background wp-image-93\" alt=\"\" src=\"https:\/\/previsaopesquisas.com.br\/wp-content\/uploads\/2021\/02\/337831.jpg\" style=\"object-position:56% 54%\" data-object-fit=\"cover\" data-object-position=\"56% 54%\" srcset=\"https:\/\/previsaopesquisas.com.br\/wp-content\/uploads\/2021\/02\/337831.jpg 1920w, https:\/\/previsaopesquisas.com.br\/wp-content\/uploads\/2021\/02\/337831-300x169.jpg 300w, https:\/\/previsaopesquisas.com.br\/wp-content\/uploads\/2021\/02\/337831-1024x576.jpg 1024w, https:\/\/previsaopesquisas.com.br\/wp-content\/uploads\/2021\/02\/337831-768x432.jpg 768w, https:\/\/previsaopesquisas.com.br\/wp-content\/uploads\/2021\/02\/337831-1536x864.jpg 1536w\" sizes=\"auto, (max-width: 1920px) 100vw, 1920px\" \/><span aria-hidden=\"true\" class=\"wp-block-cover__background has-primary-background-color has-background-dim\"><\/span><div class=\"wp-block-cover__inner-container is-layout-flow wp-block-cover-is-layout-flow\">\n<div class=\"wp-block-button is-style-outline aligncenter is-style-outline--1\"><a class=\"wp-block-button__link has-quaternary-color has-text-color wp-element-button\" href=\"https:\/\/previsaopesquisas.com.br\/en\/contato\/\">contact us<\/a><\/div>\n<\/div><\/div>\n\n\n\n<div class=\"wp-block-coblocks-accordion\">\n<div class=\"wp-block-coblocks-accordion-item\"><\/div>\n<\/div>\n\n\n\n<div class=\"wp-block-coblocks-accordion\">\n<div class=\"wp-block-coblocks-accordion-item\"><\/div>\n<\/div>\n\n\n\n<div class=\"wp-block-coblocks-accordion\">\n<div class=\"wp-block-coblocks-accordion-item\"><\/div>\n<\/div>\n\n\n\n<p><\/p>","protected":false},"excerpt":{"rendered":"<p>Servi\u00e7os: Muitos pressup\u00f5e que a atividade de pesquisa esteja apenas na elabora\u00e7\u00e3o de um question\u00e1rio, sua aplica\u00e7\u00e3o e posterior an\u00e1lise. No entanto, o trabalho de pesquisa envolve uma s\u00e9rie de procedimentos t\u00e9cnicos, que v\u00e3o desde o planejamento, passando pelo instrumento de coleta, tratamento dos dados, an\u00e1lise e interpreta\u00e7\u00e3o. S\u00f3 assim resulta em uma ferramenta confi\u00e1vel [&hellip;]<\/p>\n","protected":false},"author":0,"featured_media":0,"parent":0,"menu_order":0,"comment_status":"closed","ping_status":"closed","template":"","meta":{"_coblocks_attr":"Arial","_coblocks_dimensions":"","_coblocks_responsive_height":"","_coblocks_accordion_ie_support":"","hide_page_title":"","footnotes":""},"class_list":["post-20","page","type-page","status-publish","hentry"],"_links":{"self":[{"href":"https:\/\/previsaopesquisas.com.br\/en\/wp-json\/wp\/v2\/pages\/20","targetHints":{"allow":["GET"]}}],"collection":[{"href":"https:\/\/previsaopesquisas.com.br\/en\/wp-json\/wp\/v2\/pages"}],"about":[{"href":"https:\/\/previsaopesquisas.com.br\/en\/wp-json\/wp\/v2\/types\/page"}],"replies":[{"embeddable":true,"href":"https:\/\/previsaopesquisas.com.br\/en\/wp-json\/wp\/v2\/comments?post=20"}],"version-history":[{"count":35,"href":"https:\/\/previsaopesquisas.com.br\/en\/wp-json\/wp\/v2\/pages\/20\/revisions"}],"predecessor-version":[{"id":2237,"href":"https:\/\/previsaopesquisas.com.br\/en\/wp-json\/wp\/v2\/pages\/20\/revisions\/2237"}],"wp:attachment":[{"href":"https:\/\/previsaopesquisas.com.br\/en\/wp-json\/wp\/v2\/media?parent=20"}],"curies":[{"name":"wp","href":"https:\/\/api.w.org\/{rel}","templated":true}]}}